{"id":45,"date":"2023-05-18T12:58:12","date_gmt":"2023-05-18T17:58:12","guid":{"rendered":"https:\/\/halalultimateclub.com\/?page_id=45"},"modified":"2023-05-21T15:34:20","modified_gmt":"2023-05-21T20:34:20","slug":"nosotros","status":"publish","type":"page","link":"https:\/\/halalultimateclub.com\/index.php\/nosotros\/","title":{"rendered":"NOSOTROS"},"content":{"rendered":"<div class=\"wp-block-image\">\n<figure class=\"aligncenter size-full is-resized\"><img decoding=\"async\" src=\"https:\/\/halalultimateclub.com\/wp-content\/uploads\/2023\/05\/1-edited-3.png\" alt=\"\" class=\"wp-image-59\" width=\"500\" srcset=\"https:\/\/halalultimateclub.com\/wp-content\/uploads\/2023\/05\/1-edited-3.png 500w, https:\/\/halalultimateclub.com\/wp-content\/uploads\/2023\/05\/1-edited-3-300x169.png 300w\" sizes=\"(max-width: 500px) 100vw, 500px\" \/><\/figure><\/div>\n\n\n<h2 class=\"wp-block-heading has-text-align-center\">Nuestra Historia <\/h2>\n\n\n\n<p class=\"has-text-align-left\">Halal Ultimate Club es un club de Disco Volador de Bogot\u00e1, Colombia creado en el a\u00f1o 2009, desde entonces ha desarrollado procesos deportivos en torno al Ultimate Frisbee, formando a m\u00e1s de 300 deportistas que han podido participar en eventos tanto a nivel local, nacional e internacional con el club. Adem\u00e1s varios de ellos han llegado a ser escogidos en selecciones Bogot\u00e1 junior y mayores como tambi\u00e9n en selecciones Colombia Junior, U24 y Mayores. <\/p>\n\n\n\n<p class=\"has-text-align-left\">Su sede principal se ubica en la calle 127 con carrera 12 (Parque el Country), all\u00ed se establecen en sus bases formativas y pre competitivas los procesos Fundamentaci\u00f3n (mixto para edades de 21 a\u00f1os en adelante), Junior (mixto de 10 a\u00f1os a 19 a\u00f1os) y Master (mixto de 30 a\u00f1os en adelante). De igual manera contamos con el proceso Open (mixto de 15 a\u00f1os en adelante) quienes tienen como sede el Parque el Salitre y las canchas de xcoli. <\/p>\n\n\n\n<p class=\"has-text-align-left\">Es as\u00ed como desde la practica deportiva de los deportes con disco Volador se distingue la filosof\u00eda de Halal Ultimate Club a partir del <strong>Amor por el otro<\/strong> y el <strong>Esp\u00edritu de Juego<\/strong> a trav\u00e9s de los procesos de formaci\u00f3n de nuestros afiliados donde el ser humano, su integridad y su bienestar son lo mas importante. Donde el medio de trabajo principal se basa en  la practica constante de cada deporte, la competencia en todos sus niveles y las relaci\u00f3n con sus pares en formaci\u00f3n y sus contrincantes. <\/p>\n\n\n\n<p>Desde el \u00e1mbito legal Halal Ultimate Club se encuentra avalado por el Instituto Distrital de Recreaci\u00f3n y Deporte (IDRD) como club de Disco Volador y esta reconocido a su vez como club afiliado a la Liga Bogotana de Disco Volador (LBDV), con lo cual sus deportistas y entrenadores se encuentran acogidos y respaldados por el Sistema Nacional del Deporte. <\/p>\n\n\n<div class=\"wp-block-image\">\n<figure class=\"aligncenter size-full\"><img decoding=\"async\" loading=\"lazy\" width=\"500\" height=\"281\" src=\"https:\/\/halalultimateclub.com\/wp-content\/uploads\/2023\/05\/3-edited.png\" alt=\"\" class=\"wp-image-70\" srcset=\"https:\/\/halalultimateclub.com\/wp-content\/uploads\/2023\/05\/3-edited.png 500w, https:\/\/halalultimateclub.com\/wp-content\/uploads\/2023\/05\/3-edited-300x169.png 300w\" sizes=\"(max-width: 500px) 100vw, 500px\" \/><\/figure><\/div>\n\n\n<p class=\"has-text-align-center\">Fomentar la practica de los deportes de Disco Volador de manera l\u00fadica, recreativa e integral mostrando un alto nivel de competencia en todos los eventos que el club participe a nivel local, nacional e internacional, buscando mantener el mas alto nivel de esp\u00edritu de juego. <\/p>\n\n\n<div class=\"wp-block-image\">\n<figure class=\"aligncenter size-full\"><img decoding=\"async\" loading=\"lazy\" width=\"500\" height=\"281\" src=\"https:\/\/halalultimateclub.com\/wp-content\/uploads\/2023\/05\/2-edited-1.png\" alt=\"\" class=\"wp-image-69\" srcset=\"https:\/\/halalultimateclub.com\/wp-content\/uploads\/2023\/05\/2-edited-1.png 500w, https:\/\/halalultimateclub.com\/wp-content\/uploads\/2023\/05\/2-edited-1-300x169.png 300w\" sizes=\"(max-width: 500px) 100vw, 500px\" \/><\/figure><\/div>\n\n\n<p class=\"has-text-align-center\">Consolidarse para el 2026 como el mejor club de Ultimate mixto en Colombia, adem\u00e1s de ser reconocido a nivel internacional por su alto nivel deportivo, por su excelente esp\u00edritu de juego, por sus mecanismos de entrenamientos profesionales en todos sus procesos, por la formaci\u00f3n de nuevos talentos y por su organizaci\u00f3n administrativa. <\/p>\n\n\n<div class=\"wp-block-image\">\n<figure class=\"aligncenter size-full\"><img decoding=\"async\" loading=\"lazy\" width=\"500\" height=\"281\" src=\"https:\/\/halalultimateclub.com\/wp-content\/uploads\/2023\/05\/4-edited.png\" alt=\"\" class=\"wp-image-71\" srcset=\"https:\/\/halalultimateclub.com\/wp-content\/uploads\/2023\/05\/4-edited.png 500w, https:\/\/halalultimateclub.com\/wp-content\/uploads\/2023\/05\/4-edited-300x169.png 300w\" sizes=\"(max-width: 500px) 100vw, 500px\" \/><\/figure><\/div>\n\n\n<h2 class=\"wp-block-heading\">Escenarios de ense\u00f1anza &#8211; aprendizaje en el club<\/h2>\n\n\n\n<p>Para Halal Ultimate Club es muy importante apoyar la pr\u00e1ctica del Ultimate en Bogot\u00e1, a partir de la oferta de espacios de formaci\u00f3n y entrenamiento para todas las personas sin importar su edad o su experiencia como jugador, de manera que se prepare como un deportista que apoya y hace parte del equipo, que se compromete con los objetivos tanto individuales como grupales, que se interesa por conocer el reglamento y vive el esp\u00edritu de juego como base importante para su pr\u00e1ctica deportiva. Por ello, su estructura organizativa deportiva se basa en los siguientes escenarios:<\/p>\n\n\n\n<ul>\n<li><strong>El Deporte Para Todas y Todos:<\/strong> Con objetivos fundamentalmente vinculados a la recreaci\u00f3n, la ocupaci\u00f3n del tiempo libre, la salud y la competencia como fuente de goce l\u00fadico.<\/li>\n\n\n\n<li><strong>El Deporte de Base:<\/strong> Que implica la participaci\u00f3n en la competencia deportiva a niveles medios, con un prop\u00f3sito b\u00e1sico de rendimiento, pero con un claro contenido l\u00fadico, el desarrollo de actitudes personales que promuevan la conformaci\u00f3n s\u00f3lida de equipo y la comprensi\u00f3n e interiorizaci\u00f3n del enfoque deportivo del Ultimate Frisbee.<\/li>\n\n\n\n<li><strong>El deporte de alto rendimiento:<\/strong> Que comprende a las elites deportivas y al contingente de deportistas que se entrenan parta participar en competencias desde el trabajo en equipo y el entrenamiento enfocado en ser los mejores deportistas integrales en su disciplina espec\u00edfica.&nbsp;<\/li>\n<\/ul>\n\n\n<div class=\"wp-block-image\">\n<figure class=\"aligncenter size-full\"><img decoding=\"async\" loading=\"lazy\" width=\"500\" height=\"281\" src=\"https:\/\/halalultimateclub.com\/wp-content\/uploads\/2023\/05\/5-edited.png\" alt=\"\" class=\"wp-image-80\" srcset=\"https:\/\/halalultimateclub.com\/wp-content\/uploads\/2023\/05\/5-edited.png 500w, https:\/\/halalultimateclub.com\/wp-content\/uploads\/2023\/05\/5-edited-300x169.png 300w\" sizes=\"(max-width: 500px) 100vw, 500px\" \/><\/figure><\/div>\n\n\n<h2 class=\"wp-block-heading\">Cuerpo T\u00e9cnico &#8211; Entrenadores  <\/h2>\n\n\n\n<figure class=\"wp-block-gallery has-nested-images columns-default is-cropped wp-block-gallery-1 is-layout-flex\">\n<figure class=\"wp-block-image size-large\"><img decoding=\"async\" loading=\"lazy\" width=\"1024\" height=\"1002\" data-id=\"75\"  src=\"https:\/\/halalultimateclub.com\/wp-content\/uploads\/2023\/05\/IMG_20230518_154200-1024x1002.jpg\" alt=\"\" class=\"wp-image-75\" srcset=\"https:\/\/halalultimateclub.com\/wp-content\/uploads\/2023\/05\/IMG_20230518_154200-1024x1002.jpg 1024w, https:\/\/halalultimateclub.com\/wp-content\/uploads\/2023\/05\/IMG_20230518_154200-300x294.jpg 300w, https:\/\/halalultimateclub.com\/wp-content\/uploads\/2023\/05\/IMG_20230518_154200-768x752.jpg 768w, https:\/\/halalultimateclub.com\/wp-content\/uploads\/2023\/05\/IMG_20230518_154200-600x587.jpg 600w, https:\/\/halalultimateclub.com\/wp-content\/uploads\/2023\/05\/IMG_20230518_154200.jpg 1080w\" sizes=\"(max-width: 1024px) 100vw, 1024px\" \/><\/figure>\n\n\n\n<figure class=\"wp-block-image size-large\"><img decoding=\"async\" loading=\"lazy\" width=\"1024\" height=\"975\" data-id=\"76\"  src=\"https:\/\/halalultimateclub.com\/wp-content\/uploads\/2023\/05\/IMG_20230518_154220-1024x975.jpg\" alt=\"\" class=\"wp-image-76\" srcset=\"https:\/\/halalultimateclub.com\/wp-content\/uploads\/2023\/05\/IMG_20230518_154220-1024x975.jpg 1024w, https:\/\/halalultimateclub.com\/wp-content\/uploads\/2023\/05\/IMG_20230518_154220-300x286.jpg 300w, https:\/\/halalultimateclub.com\/wp-content\/uploads\/2023\/05\/IMG_20230518_154220-768x731.jpg 768w, https:\/\/halalultimateclub.com\/wp-content\/uploads\/2023\/05\/IMG_20230518_154220-600x571.jpg 600w, https:\/\/halalultimateclub.com\/wp-content\/uploads\/2023\/05\/IMG_20230518_154220.jpg 1080w\" sizes=\"(max-width: 1024px) 100vw, 1024px\" \/><\/figure>\n\n\n\n<figure class=\"wp-block-image size-large\"><img decoding=\"async\" loading=\"lazy\" width=\"1024\" height=\"973\" data-id=\"77\"  src=\"https:\/\/halalultimateclub.com\/wp-content\/uploads\/2023\/05\/IMG_20230518_154243-1024x973.jpg\" alt=\"\" class=\"wp-image-77\" srcset=\"https:\/\/halalultimateclub.com\/wp-content\/uploads\/2023\/05\/IMG_20230518_154243-1024x973.jpg 1024w, https:\/\/halalultimateclub.com\/wp-content\/uploads\/2023\/05\/IMG_20230518_154243-300x285.jpg 300w, https:\/\/halalultimateclub.com\/wp-content\/uploads\/2023\/05\/IMG_20230518_154243-768x730.jpg 768w, https:\/\/halalultimateclub.com\/wp-content\/uploads\/2023\/05\/IMG_20230518_154243-600x570.jpg 600w, https:\/\/halalultimateclub.com\/wp-content\/uploads\/2023\/05\/IMG_20230518_154243.jpg 1080w\" sizes=\"(max-width: 1024px) 100vw, 1024px\" \/><\/figure>\n\n\n\n<figure class=\"wp-block-image size-large\"><img decoding=\"async\" loading=\"lazy\" width=\"1024\" height=\"998\" data-id=\"78\"  src=\"https:\/\/halalultimateclub.com\/wp-content\/uploads\/2023\/05\/IMG_20230518_154303-1024x998.jpg\" alt=\"\" class=\"wp-image-78\" srcset=\"https:\/\/halalultimateclub.com\/wp-content\/uploads\/2023\/05\/IMG_20230518_154303-1024x998.jpg 1024w, https:\/\/halalultimateclub.com\/wp-content\/uploads\/2023\/05\/IMG_20230518_154303-300x293.jpg 300w, https:\/\/halalultimateclub.com\/wp-content\/uploads\/2023\/05\/IMG_20230518_154303-768x749.jpg 768w, https:\/\/halalultimateclub.com\/wp-content\/uploads\/2023\/05\/IMG_20230518_154303-600x585.jpg 600w, https:\/\/halalultimateclub.com\/wp-content\/uploads\/2023\/05\/IMG_20230518_154303.jpg 1080w\" sizes=\"(max-width: 1024px) 100vw, 1024px\" \/><\/figure>\n<\/figure>\n","protected":false},"excerpt":{"rendered":"<p>Nuestra Historia Halal Ultimate Club es un club de Disco Volador de Bogot\u00e1, Colombia creado en el a\u00f1o 2009, desde entonces ha desarrollado procesos deportivos en torno al Ultimate Frisbee, formando a m\u00e1s de 300 deportistas que han podido participar en eventos tanto a nivel local, nacional e internacional con el club. Adem\u00e1s varios de [&hellip;]<\/p>\n","protected":false},"author":1,"featured_media":0,"parent":0,"menu_order":1,"comment_status":"closed","ping_status":"closed","template":"","meta":{"om_disable_all_campaigns":false,"_mi_skip_tracking":false},"aioseo_notices":[],"_links":{"self":[{"href":"https:\/\/halalultimateclub.com\/index.php\/wp-json\/wp\/v2\/pages\/45"}],"collection":[{"href":"https:\/\/halalultimateclub.com\/index.php\/wp-json\/wp\/v2\/pages"}],"about":[{"href":"https:\/\/halalultimateclub.com\/index.php\/wp-json\/wp\/v2\/types\/page"}],"author":[{"embeddable":true,"href":"https:\/\/halalultimateclub.com\/index.php\/wp-json\/wp\/v2\/users\/1"}],"replies":[{"embeddable":true,"href":"https:\/\/halalultimateclub.com\/index.php\/wp-json\/wp\/v2\/comments?post=45"}],"version-history":[{"count":9,"href":"https:\/\/halalultimateclub.com\/index.php\/wp-json\/wp\/v2\/pages\/45\/revisions"}],"predecessor-version":[{"id":124,"href":"https:\/\/halalultimateclub.com\/index.php\/wp-json\/wp\/v2\/pages\/45\/revisions\/124"}],"wp:attachment":[{"href":"https:\/\/halalultimateclub.com\/index.php\/wp-json\/wp\/v2\/media?parent=45"}],"curies":[{"name":"wp","href":"https:\/\/api.w.org\/{rel}","templated":true}]}}